{"id":2,"date":"2016-08-29T19:28:04","date_gmt":"2016-08-29T19:28:04","guid":{"rendered":"http:\/\/la-isla-reconocimiento.cl\/blog\/?page_id=2"},"modified":"2025-08-20T23:42:11","modified_gmt":"2025-08-20T23:42:11","slug":"sample-page","status":"publish","type":"page","link":"https:\/\/laislareconocimiento.cl\/blog\/","title":{"rendered":"home"},"content":{"rendered":"<h1 style=\"text-align: left;\">La isla [an_archivo]<\/h1>\n<p>ngg_shortcode_0_placeholder&nbsp;<\/p>\n<h4 style=\"text-align: left;\"><em>La isla [an_archivo]<\/em> es parte del proyecto<a class=\"customize-unpreviewable\" href=\"http:\/\/la-isla-reconocimiento.cl\/\" target=\"_blank\" rel=\"noopener\">&nbsp;&gt; <em>La isla [reconocimiento]<\/em>&nbsp;<\/a>&nbsp;del artista &gt;&nbsp;<a class=\"customize-unpreviewable\" href=\"http:\/\/rkrause.cl\/\" target=\"_blank\" rel=\"noopener\">Rainer Krause<\/a>, Santiago de Chile. El an_archivo* es un espacio en permanente movimiento y contiene material de reflexi\u00f3n respecto de la singular formaci\u00f3n geogr\u00e1fica &#8211; la isla &#8211;&nbsp; y sus componentes constitutivos: costas, habitantes, acontecimientos, historia(s), etc.<\/h4>\n<h4 style=\"text-align: left;\">Los visitantes del an_archivo pueden contribuir a su desarrollo mediante el env\u00edo de material textual y visual a trav\u00e9s del <a href=\"http:\/\/la-isla-reconocimiento.cl\/blog\/contacto\/\">&gt; formulario de contacto<\/a>.<\/h4>\n<div class=\"flagallery phantom_skin\" id=\"FlaGallery_sc1_1\" style='width:757;'>\n<style type=\"text\/css\" class=\"flagallery_skin_style_import\">#FlaGallery_sc1_1 .flagPhantom_ThumbContainer {width:200px; height:180px;}#FlaGallery_sc1_1 .flagPhantom_MobileView .flagPhantom_ThumbContainer {width:150px; height:135px;}#FlaGallery_sc1_1 .flagPhantom_Container {margin-left:auto;margin-right:auto;}#FlaGallery_sc1_1 .flagPhantom_ThumbContainer {margin:8px 0 0 8px;}#FlaGallery_sc1_1 .flagPhantom_ThumbContainer {padding:2px;}#FlaGallery_sc1_1 .flagPhantom_LabelBottom .flagPhantom_ThumbContainer {padding-bottom:36px;}#FlaGallery_sc1_1 .flagPhantom_ThumbContainer,#FlaGallery_sc1_1 .flagPhantom_LabelBottom .flagPhantom_ThumbLabel {background-color:#ffffff;}#FlaGallery_sc1_1 .flagPhantom_ThumbContainer .flagPhantom_Thumb {opacity:0.9;}#FlaGallery_sc1_1 .flagPhantom_ThumbContainer:hover .flagPhantom_Thumb {opacity:1;}#FlaGallery_sc1_1 .flagPhantom_ThumbContainer {border:none;}#FlaGallery_sc1_1 .flagPhantom_ThumbContainer {box-shadow:none;}#FlaGallery_sc1_1 .flagPhantom_ThumbLabel {color:#0b0b0b;}#FlaGallery_sc1_1 .flagPhantom_ThumbLabel a {color:#3695E7;}#FlaGallery_sc1_1 .flagPhantom_LabelInside .flagPhantom_ThumbLabel,#FlaGallery_sc1_1 .flagPhantom_LabelHover .flagPhantom_ThumbLabel {color:#ffffff;}#FlaGallery_sc1_1 .flagPhantom_LabelInside .flagPhantom_ThumbLabel a,#FlaGallery_sc1_1 .flagPhantom_LabelHover .flagPhantom_ThumbLabel a,#FlaGallery_sc1_1 .flagPhantom_LabelInside .flagPhantom_ThumbLabel a:hover,#FlaGallery_sc1_1 .flagPhantom_LabelHover .flagPhantom_ThumbLabel a:hover {color:#ffffff;}<\/style>\n<div class=\"flagPhantom_Container noLightbox\" style=\"opacity:0\">\n<div class=\"flagPhantom_thumbsWrapper flagPhantom_ThumbScale flagPhantom_LabelHover\">\n<div class=\"flagPhantom_ThumbContainer flagPhantom_ThumbLoader\" data-id=\"18\" data-ratio=\"1\" data-title=\"[01] u\/dis\/a-top\u00edas\" data-views=\"1\" data-likes=\"0\" data-download=\"https:\/\/laislareconocimiento.cl\/blog\/wp-content\/flagallery\/imagenes_home\/patagonia-occidental_0.jpg\" data-filename=\"patagonia-occidental_0.jpg\" data-link=\"http:\/\/la-isla-reconocimiento.cl\/blog\/category\/conceptos\/1-u-dis-a-topias\/\" data-target=\"_blank\"> <a href=\"http:\/\/la-isla-reconocimiento.cl\/blog\/category\/conceptos\/1-u-dis-a-topias\/\" class=\"flagPhantom_Thumb\"><img decoding=\"async\" src=\"https:\/\/laislareconocimiento.cl\/blog\/wp-content\/flagallery\/imagenes_home\/thumbs\/thumbs_patagonia-occidental_0.jpg\" data-src=\"https:\/\/laislareconocimiento.cl\/blog\/wp-content\/flagallery\/imagenes_home\/webview\/patagonia-occidental_0.jpg\" alt=\"[01] u\/dis\/a-top\u00edas\"\/><\/a> <\/p>\n<div class=\"flagPhantom_ThumbLabel\"> <span class=\"flagPhantom_ThumbLabel_title\"><a href='http:\/\/la-isla-reconocimiento.cl\/blog\/category\/conceptos\/1-u-dis-a-topias\/' target='_blank'>[01] u\/dis\/a-top\u00edas<\/a><\/span><\/div>\n<div style=\"display:none;\" class=\"flagPhantom_Details\">\n<div class=\"flagPhantom_description\">\n<div class=\"flagPhantom_title\"><a href='http:\/\/la-isla-reconocimiento.cl\/blog\/category\/conceptos\/1-u-dis-a-topias\/' target='_blank'>[01] u\/dis\/a-top\u00edas<\/a><\/div>\n<div class=\"flagPhantom_text\"><\/div>\n<\/p><\/div>\n<\/p><\/div>\n<\/p><\/div>\n<div class=\"flagPhantom_ThumbContainer flagPhantom_ThumbLoader\" data-id=\"6\" data-ratio=\"1.4616321559074\" data-title=\"[02] una ola es una onda\" data-views=\"1\" data-likes=\"0\" data-download=\"https:\/\/laislareconocimiento.cl\/blog\/wp-content\/flagallery\/imagenes_home\/olas.jpg\" data-filename=\"olas.jpg\" data-link=\"http:\/\/la-isla-reconocimiento.cl\/blog\/category\/conceptos\/2-una-ola-es-una-onda\/\" data-target=\"_blank\"> <a href=\"http:\/\/la-isla-reconocimiento.cl\/blog\/category\/conceptos\/2-una-ola-es-una-onda\/\" class=\"flagPhantom_Thumb\"><img decoding=\"async\" src=\"https:\/\/laislareconocimiento.cl\/blog\/wp-content\/flagallery\/imagenes_home\/thumbs\/thumbs_olas.jpg\" data-src=\"https:\/\/laislareconocimiento.cl\/blog\/wp-content\/flagallery\/imagenes_home\/webview\/olas.jpg\" alt=\"[02] una ola es una onda\"\/><\/a> <\/p>\n<div class=\"flagPhantom_ThumbLabel\"> <span class=\"flagPhantom_ThumbLabel_title\"><a href='http:\/\/la-isla-reconocimiento.cl\/blog\/category\/conceptos\/2-una-ola-es-una-onda\/' target='_blank'>[02] una ola es una onda<\/a><\/span><\/div>\n<div style=\"display:none;\" class=\"flagPhantom_Details\">\n<div class=\"flagPhantom_description\">\n<div class=\"flagPhantom_title\"><a href='http:\/\/la-isla-reconocimiento.cl\/blog\/category\/conceptos\/2-una-ola-es-una-onda\/' target='_blank'>[02] una ola es una onda<\/a><\/div>\n<div class=\"flagPhantom_text\"><\/div>\n<\/p><\/div>\n<\/p><\/div>\n<\/p><\/div>\n<div class=\"flagPhantom_ThumbContainer flagPhantom_ThumbLoader\" data-id=\"5\" data-ratio=\"1.494396014944\" data-title=\"[03] \u00f7\" data-views=\"1\" data-likes=\"0\" data-download=\"https:\/\/laislareconocimiento.cl\/blog\/wp-content\/flagallery\/imagenes_home\/morfologia.jpg\" data-filename=\"morfologia.jpg\" data-link=\"http:\/\/la-isla-reconocimiento.cl\/blog\/category\/conceptos\/3-%C3%B7\/\" data-target=\"_blank\"> <a href=\"http:\/\/la-isla-reconocimiento.cl\/blog\/category\/conceptos\/3-%C3%B7\/\" class=\"flagPhantom_Thumb\"><img decoding=\"async\" src=\"https:\/\/laislareconocimiento.cl\/blog\/wp-content\/flagallery\/imagenes_home\/thumbs\/thumbs_morfologia.jpg\" data-src=\"https:\/\/laislareconocimiento.cl\/blog\/wp-content\/flagallery\/imagenes_home\/webview\/morfologia.jpg\" alt=\"[03] \u00f7\"\/><\/a> <\/p>\n<div class=\"flagPhantom_ThumbLabel\"> <span class=\"flagPhantom_ThumbLabel_title\"><a href='http:\/\/la-isla-reconocimiento.cl\/blog\/category\/conceptos\/3-%C3%B7\/' target='_blank'>[03] \u00f7<\/a><\/span><\/div>\n<div style=\"display:none;\" class=\"flagPhantom_Details\">\n<div class=\"flagPhantom_description\">\n<div class=\"flagPhantom_title\"><a href='http:\/\/la-isla-reconocimiento.cl\/blog\/category\/conceptos\/3-%C3%B7\/' target='_blank'>[03] \u00f7<\/a><\/div>\n<div class=\"flagPhantom_text\"><\/div>\n<\/p><\/div>\n<\/p><\/div>\n<\/p><\/div>\n<div class=\"flagPhantom_ThumbContainer flagPhantom_ThumbLoader\" data-id=\"3\" data-ratio=\"1.5220700152207\" data-title=\"[04] visi\/habi-tantes\" data-views=\"3\" data-likes=\"0\" data-download=\"https:\/\/laislareconocimiento.cl\/blog\/wp-content\/flagallery\/imagenes_home\/culturas.jpg\" data-filename=\"culturas.jpg\" data-link=\"http:\/\/la-isla-reconocimiento.cl\/blog\/category\/conceptos\/4-visi-habi-tantes\/\" data-target=\"_blank\"> <a href=\"http:\/\/la-isla-reconocimiento.cl\/blog\/category\/conceptos\/4-visi-habi-tantes\/\" class=\"flagPhantom_Thumb\"><img decoding=\"async\" src=\"https:\/\/laislareconocimiento.cl\/blog\/wp-content\/flagallery\/imagenes_home\/thumbs\/thumbs_culturas.jpg\" data-src=\"https:\/\/laislareconocimiento.cl\/blog\/wp-content\/flagallery\/imagenes_home\/webview\/culturas.jpg\" alt=\"[04] visi\/habi-tantes\"\/><\/a> <\/p>\n<div class=\"flagPhantom_ThumbLabel\"> <span class=\"flagPhantom_ThumbLabel_title\"><a href='http:\/\/la-isla-reconocimiento.cl\/blog\/category\/conceptos\/4-visi-habi-tantes\/' target='_blank'>[04] visi\/habi-tantes<\/a><\/span><\/div>\n<div style=\"display:none;\" class=\"flagPhantom_Details\">\n<div class=\"flagPhantom_description\">\n<div class=\"flagPhantom_title\"><a href='http:\/\/la-isla-reconocimiento.cl\/blog\/category\/conceptos\/4-visi-habi-tantes\/' target='_blank'>[04] visi\/habi-tantes<\/a><\/div>\n<div class=\"flagPhantom_text\">\n<p>DESCRIPCI\u00d3N TEST<\/p>\n<\/div><\/div>\n<\/p><\/div>\n<\/p><\/div>\n<div class=\"flagPhantom_ThumbContainer flagPhantom_ThumbLoader\" data-id=\"23\" data-ratio=\"1\" data-title=\"[05] cat\u00e1strofes\" data-views=\"0\" data-likes=\"0\" data-download=\"https:\/\/laislareconocimiento.cl\/blog\/wp-content\/flagallery\/imagenes_home\/desastres.jpg\" data-filename=\"desastres.jpg\" data-link=\"http:\/\/la-isla-reconocimiento.cl\/blog\/category\/conceptos\/5-catastrofes\/\" data-target=\"_blank\"> <a href=\"http:\/\/la-isla-reconocimiento.cl\/blog\/category\/conceptos\/5-catastrofes\/\" class=\"flagPhantom_Thumb\"><img decoding=\"async\" src=\"https:\/\/laislareconocimiento.cl\/blog\/wp-content\/flagallery\/imagenes_home\/thumbs\/thumbs_desastres.jpg\" data-src=\"https:\/\/laislareconocimiento.cl\/blog\/wp-content\/flagallery\/imagenes_home\/webview\/desastres.jpg\" alt=\"[05] cat\u00e1strofes\"\/><\/a> <\/p>\n<div class=\"flagPhantom_ThumbLabel\"> <span class=\"flagPhantom_ThumbLabel_title\"><a href='http:\/\/la-isla-reconocimiento.cl\/blog\/category\/conceptos\/5-catastrofes\/' target='_blank'>[05] cat\u00e1strofes<\/a><\/span><\/div>\n<div style=\"display:none;\" class=\"flagPhantom_Details\">\n<div class=\"flagPhantom_description\">\n<div class=\"flagPhantom_title\"><a href='http:\/\/la-isla-reconocimiento.cl\/blog\/category\/conceptos\/5-catastrofes\/' target='_blank'>[05] cat\u00e1strofes<\/a><\/div>\n<div class=\"flagPhantom_text\"><\/div>\n<\/p><\/div>\n<\/p><\/div>\n<\/p><\/div>\n<div class=\"flagPhantom_ThumbContainer flagPhantom_ThumbLoader\" data-id=\"24\" data-ratio=\"1.0501930501931\" data-title=\"[06] mapping\" data-views=\"0\" data-likes=\"0\" data-download=\"https:\/\/laislareconocimiento.cl\/blog\/wp-content\/flagallery\/imagenes_home\/terra_nova_by_girolamo_ruscelli_cort.jpg\" data-filename=\"terra_nova_by_girolamo_ruscelli_cort.jpg\" data-link=\"http:\/\/la-isla-reconocimiento.cl\/blog\/category\/conceptos\/6-mapping\/\" data-target=\"_blank\"> <a href=\"http:\/\/la-isla-reconocimiento.cl\/blog\/category\/conceptos\/6-mapping\/\" class=\"flagPhantom_Thumb\"><img decoding=\"async\" src=\"https:\/\/laislareconocimiento.cl\/blog\/wp-content\/flagallery\/imagenes_home\/thumbs\/thumbs_terra_nova_by_girolamo_ruscelli_cort.jpg\" data-src=\"https:\/\/laislareconocimiento.cl\/blog\/wp-content\/flagallery\/imagenes_home\/webview\/terra_nova_by_girolamo_ruscelli_cort.jpg\" alt=\"[06] mapping\"\/><\/a> <\/p>\n<div class=\"flagPhantom_ThumbLabel\"> <span class=\"flagPhantom_ThumbLabel_title\"><a href='http:\/\/la-isla-reconocimiento.cl\/blog\/category\/conceptos\/6-mapping\/' target='_blank'>[06] mapping<\/a><\/span><\/div>\n<div style=\"display:none;\" class=\"flagPhantom_Details\">\n<div class=\"flagPhantom_description\">\n<div class=\"flagPhantom_title\"><a href='http:\/\/la-isla-reconocimiento.cl\/blog\/category\/conceptos\/6-mapping\/' target='_blank'>[06] mapping<\/a><\/div>\n<div class=\"flagPhantom_text\"><\/div>\n<\/p><\/div>\n<\/p><\/div>\n<\/p><\/div>\n<div class=\"flagPhantom_ThumbContainer flagPhantom_ThumbLoader\" data-id=\"22\" data-ratio=\"1\" data-title=\"[07] anfibios\" data-views=\"0\" data-likes=\"0\" data-download=\"https:\/\/laislareconocimiento.cl\/blog\/wp-content\/flagallery\/imagenes_home\/albrecht-durer-das-meerwunder-kupferstich-um-1498_man_peq.jpg\" data-filename=\"albrecht-durer-das-meerwunder-kupferstich-um-1498_man_peq.jpg\" data-link=\"http:\/\/la-isla-reconocimiento.cl\/blog\/category\/conceptos\/7-anfibios\/\" data-target=\"_blank\"> <a href=\"http:\/\/la-isla-reconocimiento.cl\/blog\/category\/conceptos\/7-anfibios\/\" class=\"flagPhantom_Thumb\"><img decoding=\"async\" src=\"https:\/\/laislareconocimiento.cl\/blog\/wp-content\/flagallery\/imagenes_home\/thumbs\/thumbs_albrecht-durer-das-meerwunder-kupferstich-um-1498_man_peq.jpg\" data-src=\"https:\/\/laislareconocimiento.cl\/blog\/wp-content\/flagallery\/imagenes_home\/webview\/albrecht-durer-das-meerwunder-kupferstich-um-1498_man_peq.jpg\" alt=\"[07] anfibios\"\/><\/a> <\/p>\n<div class=\"flagPhantom_ThumbLabel\"> <span class=\"flagPhantom_ThumbLabel_title\"><a href='http:\/\/la-isla-reconocimiento.cl\/blog\/category\/conceptos\/7-anfibios\/' target='_blank'>[07] anfibios<\/a><\/span><\/div>\n<div style=\"display:none;\" class=\"flagPhantom_Details\">\n<div class=\"flagPhantom_description\">\n<div class=\"flagPhantom_title\"><a href='http:\/\/la-isla-reconocimiento.cl\/blog\/category\/conceptos\/7-anfibios\/' target='_blank'>[07] anfibios<\/a><\/div>\n<div class=\"flagPhantom_text\"><\/div>\n<\/p><\/div>\n<\/p><\/div>\n<\/p><\/div>\n<div class=\"flagPhantom_ThumbContainer flagPhantom_ThumbLoader\" data-id=\"25\" data-ratio=\"1\" data-title=\"[08] llegadas\/partidas\" data-views=\"0\" data-likes=\"0\" data-download=\"https:\/\/laislareconocimiento.cl\/blog\/wp-content\/flagallery\/imagenes_home\/llegadas_partidas.jpg\" data-filename=\"llegadas_partidas.jpg\" data-link=\"http:\/\/la-isla-reconocimiento.cl\/blog\/category\/conceptos\/8-llegadas-partidas\/\" data-target=\"_blank\"> <a href=\"http:\/\/la-isla-reconocimiento.cl\/blog\/category\/conceptos\/8-llegadas-partidas\/\" class=\"flagPhantom_Thumb\"><img decoding=\"async\" src=\"https:\/\/laislareconocimiento.cl\/blog\/wp-content\/flagallery\/imagenes_home\/thumbs\/thumbs_llegadas_partidas.jpg\" data-src=\"https:\/\/laislareconocimiento.cl\/blog\/wp-content\/flagallery\/imagenes_home\/webview\/llegadas_partidas.jpg\" alt=\"[08] llegadas\/partidas\"\/><\/a> <\/p>\n<div class=\"flagPhantom_ThumbLabel\"> <span class=\"flagPhantom_ThumbLabel_title\"><a href='http:\/\/la-isla-reconocimiento.cl\/blog\/category\/conceptos\/8-llegadas-partidas\/' target='_blank'>[08] llegadas\/partidas<\/a><\/span><\/div>\n<div style=\"display:none;\" class=\"flagPhantom_Details\">\n<div class=\"flagPhantom_description\">\n<div class=\"flagPhantom_title\"><a href='http:\/\/la-isla-reconocimiento.cl\/blog\/category\/conceptos\/8-llegadas-partidas\/' target='_blank'>[08] llegadas\/partidas<\/a><\/div>\n<div class=\"flagPhantom_text\"><\/div>\n<\/p><\/div>\n<\/p><\/div>\n<\/p><\/div>\n<div class=\"flagPhantom_ThumbContainer flagPhantom_ThumbLoader\" data-id=\"27\" data-ratio=\"1\" data-title=\"[10] co-labor\/oper-adores\" data-views=\"0\" data-likes=\"0\" data-download=\"https:\/\/laislareconocimiento.cl\/blog\/wp-content\/flagallery\/imagenes_home\/nico-spencer_peq.jpg\" data-filename=\"nico-spencer_peq.jpg\" data-link=\"http:\/\/la-isla-reconocimiento.cl\/blog\/category\/conceptos\/10-co-labor-oper-adores\/\" data-target=\"_blank\"> <a href=\"http:\/\/la-isla-reconocimiento.cl\/blog\/category\/conceptos\/10-co-labor-oper-adores\/\" class=\"flagPhantom_Thumb\"><img decoding=\"async\" src=\"https:\/\/laislareconocimiento.cl\/blog\/wp-content\/flagallery\/imagenes_home\/thumbs\/thumbs_nico-spencer_peq.jpg\" data-src=\"https:\/\/laislareconocimiento.cl\/blog\/wp-content\/flagallery\/imagenes_home\/webview\/nico-spencer_peq.jpg\" alt=\"[10] co-labor\/oper-adores\"\/><\/a> <\/p>\n<div class=\"flagPhantom_ThumbLabel\"> <span class=\"flagPhantom_ThumbLabel_title\"><a href='http:\/\/la-isla-reconocimiento.cl\/blog\/category\/conceptos\/10-co-labor-oper-adores\/' target='_blank'>[10] co-labor\/oper-adores<\/a><\/span><\/div>\n<div style=\"display:none;\" class=\"flagPhantom_Details\">\n<div class=\"flagPhantom_description\">\n<div class=\"flagPhantom_title\"><a href='http:\/\/la-isla-reconocimiento.cl\/blog\/category\/conceptos\/10-co-labor-oper-adores\/' target='_blank'>[10] co-labor\/oper-adores<\/a><\/div>\n<div class=\"flagPhantom_text\"><\/div>\n<\/p><\/div>\n<\/p><\/div>\n<\/p><\/div>\n<div class=\"flagPhantom_ThumbContainer flagPhantom_ThumbLoader\" data-id=\"19\" data-ratio=\"1.4514200298954\" data-title=\"[11] g\u00e9nesis\" data-views=\"0\" data-likes=\"0\" data-download=\"https:\/\/laislareconocimiento.cl\/blog\/wp-content\/flagallery\/imagenes_home\/captura-de-pantalla-2018-04-07-a-las-17-23-54.png\" data-filename=\"captura-de-pantalla-2018-04-07-a-las-17-23-54.png\" data-link=\"http:\/\/la-isla-reconocimiento.cl\/blog\/11-genesis\/\" data-target=\"_blank\"> <a href=\"http:\/\/la-isla-reconocimiento.cl\/blog\/11-genesis\/\" class=\"flagPhantom_Thumb\"><img decoding=\"async\" src=\"https:\/\/laislareconocimiento.cl\/blog\/wp-content\/flagallery\/imagenes_home\/thumbs\/thumbs_captura-de-pantalla-2018-04-07-a-las-17-23-54.png\" data-src=\"https:\/\/laislareconocimiento.cl\/blog\/wp-content\/flagallery\/imagenes_home\/webview\/captura-de-pantalla-2018-04-07-a-las-17-23-54.png\" alt=\"[11] g\u00e9nesis\"\/><\/a> <\/p>\n<div class=\"flagPhantom_ThumbLabel\"> <span class=\"flagPhantom_ThumbLabel_title\"><a href='http:\/\/la-isla-reconocimiento.cl\/blog\/11-genesis\/' target='_blank'>[11] g\u00e9nesis<\/a><\/span><\/div>\n<div style=\"display:none;\" class=\"flagPhantom_Details\">\n<div class=\"flagPhantom_description\">\n<div class=\"flagPhantom_title\"><a href='http:\/\/la-isla-reconocimiento.cl\/blog\/11-genesis\/' target='_blank'>[11] g\u00e9nesis<\/a><\/div>\n<div class=\"flagPhantom_text\"><\/div>\n<\/p><\/div>\n<\/p><\/div>\n<\/p><\/div>\n<div class=\"flagPhantom_ThumbContainer flagPhantom_ThumbLoader\" data-id=\"20\" data-ratio=\"1.8197115384615\" data-title=\"[12] txts\/contxts\" data-views=\"0\" data-likes=\"0\" data-download=\"https:\/\/laislareconocimiento.cl\/blog\/wp-content\/flagallery\/imagenes_home\/captura-de-pantalla-2018-03-20-a-las-12-02-40-a-m.png\" data-filename=\"captura-de-pantalla-2018-03-20-a-las-12-02-40-a-m.png\" data-link=\"http:\/\/la-isla-reconocimiento.cl\/blog\/12-2\/\" data-target=\"_blank\"> <a href=\"http:\/\/la-isla-reconocimiento.cl\/blog\/12-2\/\" class=\"flagPhantom_Thumb\"><img decoding=\"async\" src=\"https:\/\/laislareconocimiento.cl\/blog\/wp-content\/flagallery\/imagenes_home\/thumbs\/thumbs_captura-de-pantalla-2018-03-20-a-las-12-02-40-a-m.png\" data-src=\"https:\/\/laislareconocimiento.cl\/blog\/wp-content\/flagallery\/imagenes_home\/webview\/captura-de-pantalla-2018-03-20-a-las-12-02-40-a-m.png\" alt=\"[12] txts\/contxts\"\/><\/a> <\/p>\n<div class=\"flagPhantom_ThumbLabel\"> <span class=\"flagPhantom_ThumbLabel_title\"><a href='http:\/\/la-isla-reconocimiento.cl\/blog\/12-2\/' target='_blank'>[12] txts\/contxts<\/a><\/span><\/div>\n<div style=\"display:none;\" class=\"flagPhantom_Details\">\n<div class=\"flagPhantom_description\">\n<div class=\"flagPhantom_title\"><a href='http:\/\/la-isla-reconocimiento.cl\/blog\/12-2\/' target='_blank'>[12] txts\/contxts<\/a><\/div>\n<div class=\"flagPhantom_text\"><\/div>\n<\/p><\/div>\n<\/p><\/div>\n<\/p><\/div>\n<\/p><\/div>\n<\/p><\/div>\n<p> <script type=\"text\/javascript\"> jQuery(function(){ var settings = {\"maxheight\":\"0\",\"thumbCols\":\"0\",\"thumbRows\":\"0\",\"thumbsNavigation\":\"mouse\",\"bgColor\":\"#ffffff\",\"bgAlpha\":\"0\",\"thumbWidth\":\"200\",\"thumbHeight\":\"180\",\"thumbWidthMobile\":\"150\",\"thumbHeightMobile\":\"135\",\"thumbsSpacing\":\"8\",\"thumbsVerticalPadding\":\"4\",\"thumbsHorizontalPadding\":\"4\",\"thumbsAlign\":\"center\",\"thumbScale\":\"1\",\"thumbBG\":\"#ffffff\",\"thumbAlpha\":\"90\",\"thumbAlphaHover\":\"100\",\"thumbBorderSize\":\"0\",\"thumbBorderColor\":\"#cccccc\",\"thumbPadding\":\"2\",\"thumbsInfo\":\"label\",\"labelOnHover\":\"1\",\"labelTextColor\":\"#ffffff\",\"labelLinkColor\":\"#ffffff\",\"label8TextColor\":\"#0b0b0b\",\"label8LinkColor\":\"#3695E7\",\"tooltipTextColor\":\"#0b0b0b\",\"tooltipBgColor\":\"#ffffff\",\"tooltipStrokeColor\":\"#000000\",\"lightboxControlsColor\":\"#ffffff\",\"lightboxTitleColor\":\"#00e5ff\",\"lightboxTextColor\":\"#f3f3f3\",\"lightboxBGColor\":\"#0b0b0b\",\"lightboxBGAlpha\":\"80\",\"socialShareEnabled\":\"1\",\"deepLinks\":\"1\",\"sidebarBGColor\":\"#ffffff\",\"lightbox800HideArrows\":\"0\",\"viewsEnabled\":\"1\",\"likesEnabled\":\"1\",\"thumb2link\":\"1\",\"show_title\":\"1\",\"show_download_button\":\"1\",\"initRPdelay\":\"200\",\"key\":\"\",\"name\":\"\",\"mfp_css\":\"\\r\\n#mfp_gm_sc1_1 .mfp-arrow-right:after,\\r\\n#mfp_gm_sc1_1 .mfp-arrow-right .mfp-a {border-left-color:#ffffff;}\\r\\n#mfp_gm_sc1_1 .mfp-arrow-left:after,\\r\\n#mfp_gm_sc1_1 .mfp-arrow-left .mfp-a {border-right-color:#ffffff;}\\r\\n#mfp_gm_sc1_1 .mfp-close,\\r\\n#mfp_gm_sc1_1 .mfp-likes,\\r\\n#mfp_gm_sc1_1 .mfp-share {color:#ffffff;}\\r\\n#mfp_gm_sc1_1 .mfp-preloader {background-color:#ffffff;}\\r\\n#mfp_gm_sc1_1 .flagPhantom_title,\\r\\n#mfp_gm_sc1_1 .mfp-counter {color:#00e5ff;}\\r\\n#mfp_gm_sc1_1 .flagPhantom_text {color:#f3f3f3;}\\r\\n#mfp_gm_sc1_1_bg.mfp-bg {background-color:#0b0b0b;}\\r\\n#mfp_gm_sc1_1_bg.mfp-bg {opacity:0.8;}\\r\\n#mfp_gm_sc1_1_bg.mfp-zoom-in.mfp-bg {opacity:0}\\r\\n#mfp_gm_sc1_1_bg.mfp-zoom-in.mfp-ready.mfp-bg {opacity:0.8;}\\r\\n#mfp_gm_sc1_1_bg.mfp-zoom-in.mfp-removing.mfp-bg {opacity:0}\"}; jQuery('#FlaGallery_sc1_1').flagPhantom([settings]); }); <\/script><\/div>\n<p>* \u00abAn_archivos entiendo como una actividad alternativa al archivo. Solamente existen como <em>modi operandi<\/em> [\u2026]. An_archivos se desarrollan en la perspectiva de una l\u00f3gica de pluralidad y de la riqueza de variedades. Son especialmente aptos de manejar acontecimientos y movimientos, entonces sensaciones basadas en el tiempo. An_archivos no reclaman un liderazgo. No reclaman el conocimiento sobre la verdad, de donde vienen y a donde van las cosas. [\u2026] An_archivos son pr\u00e1cticas l\u00fadicas.\u00bb Siegfried Zielinsky: \u00abAnArchive\u00bb. En: Claudia Giannetti (ed.): AnArchive(s). Oldenburg (Edith-Russ-Haus f\u00fcr Medienkunst), 2014. p. 17. (traducci\u00f3n: Rainer Krause)<\/p>\n<!-- AddThis Advanced Settings generic via filter on the_content --><!-- AddThis Share Buttons generic via filter on the_content -->","protected":false},"excerpt":{"rendered":"<p>La isla [an_archivo] &nbsp; La isla [an_archivo] es parte del proyecto&nbsp;&gt; La isla [reconocimiento]&nbsp;&nbsp;del artista &gt;&nbsp;Rainer Krause, Santiago de Chile. El an_archivo* es un espacio en permanente movimiento y contiene material de reflexi\u00f3n respecto de la singular formaci\u00f3n geogr\u00e1fica &#8211; la isla &#8211;&nbsp; y sus componentes constitutivos: costas, habitantes, acontecimientos, historia(s), etc. Los visitantes del [&hellip;]<!-- AddThis Advanced Settings generic via filter on get_the_excerpt --><!-- AddThis Share Buttons generic via filter on get_the_excerpt --><\/p>\n","protected":false},"author":1,"featured_media":0,"parent":0,"menu_order":0,"comment_status":"closed","ping_status":"open","template":"","meta":{"ngg_post_thumbnail":0,"footnotes":""},"tags":[],"class_list":["post-2","page","type-page","status-publish","hentry"],"_links":{"self":[{"href":"https:\/\/laislareconocimiento.cl\/blog\/wp-json\/wp\/v2\/pages\/2"}],"collection":[{"href":"https:\/\/laislareconocimiento.cl\/blog\/wp-json\/wp\/v2\/pages"}],"about":[{"href":"https:\/\/laislareconocimiento.cl\/blog\/wp-json\/wp\/v2\/types\/page"}],"author":[{"embeddable":true,"href":"https:\/\/laislareconocimiento.cl\/blog\/wp-json\/wp\/v2\/users\/1"}],"replies":[{"embeddable":true,"href":"https:\/\/laislareconocimiento.cl\/blog\/wp-json\/wp\/v2\/comments?post=2"}],"version-history":[{"count":78,"href":"https:\/\/laislareconocimiento.cl\/blog\/wp-json\/wp\/v2\/pages\/2\/revisions"}],"predecessor-version":[{"id":4057,"href":"https:\/\/laislareconocimiento.cl\/blog\/wp-json\/wp\/v2\/pages\/2\/revisions\/4057"}],"wp:attachment":[{"href":"https:\/\/laislareconocimiento.cl\/blog\/wp-json\/wp\/v2\/media?parent=2"}],"wp:term":[{"taxonomy":"post_tag","embeddable":true,"href":"https:\/\/laislareconocimiento.cl\/blog\/wp-json\/wp\/v2\/tags?post=2"}],"curies":[{"name":"wp","href":"https:\/\/api.w.org\/{rel}","templated":true}]}}