{"id":445,"date":"2018-04-07T20:30:21","date_gmt":"2018-04-07T20:30:21","guid":{"rendered":"http:\/\/la-isla-reconocimiento.cl\/blog\/?page_id=445"},"modified":"2022-01-18T20:59:09","modified_gmt":"2022-01-18T20:59:09","slug":"11-genesis","status":"publish","type":"page","link":"https:\/\/laislareconocimiento.cl\/blog\/11-genesis\/","title":{"rendered":"[11] g\u00e9nesis"},"content":{"rendered":"<h4><span style=\"color: #993300;\">Enero 2022:<\/span> El libro disponible en busca libre<\/h4>\n<p><img loading=\"lazy\" decoding=\"async\" class=\"alignnone size-large wp-image-3785\" src=\"http:\/\/la-isla-reconocimiento.cl\/blog\/wp-content\/uploads\/2022\/01\/Captura-de-Pantalla-2022-01-18-a-las-16.33.13-700x512.png\" alt=\"\" width=\"700\" height=\"512\" srcset=\"https:\/\/laislareconocimiento.cl\/blog\/wp-content\/uploads\/2022\/01\/Captura-de-Pantalla-2022-01-18-a-las-16.33.13-700x512.png 700w, https:\/\/laislareconocimiento.cl\/blog\/wp-content\/uploads\/2022\/01\/Captura-de-Pantalla-2022-01-18-a-las-16.33.13-300x219.png 300w, https:\/\/laislareconocimiento.cl\/blog\/wp-content\/uploads\/2022\/01\/Captura-de-Pantalla-2022-01-18-a-las-16.33.13-768x562.png 768w\" sizes=\"(max-width: 700px) 100vw, 700px\" \/><\/p>\n<hr>\n<h4><span style=\"color: #993300;\">Octubre 2021:<\/span>&nbsp;Invitaci\u00f3n general a participar<\/h4>\n<p><img loading=\"lazy\" decoding=\"async\" class=\"aligncenter wp-image-3360\" src=\"http:\/\/la-isla-reconocimiento.cl\/blog\/wp-content\/uploads\/2021\/10\/Rainer-Krause-La-Isla-Reconocimiento-700x700.jpg\" alt=\"\" width=\"500\" height=\"500\" srcset=\"https:\/\/laislareconocimiento.cl\/blog\/wp-content\/uploads\/2021\/10\/Rainer-Krause-La-Isla-Reconocimiento-700x700.jpg 700w, https:\/\/laislareconocimiento.cl\/blog\/wp-content\/uploads\/2021\/10\/Rainer-Krause-La-Isla-Reconocimiento-150x150.jpg 150w, https:\/\/laislareconocimiento.cl\/blog\/wp-content\/uploads\/2021\/10\/Rainer-Krause-La-Isla-Reconocimiento-300x300.jpg 300w, https:\/\/laislareconocimiento.cl\/blog\/wp-content\/uploads\/2021\/10\/Rainer-Krause-La-Isla-Reconocimiento-768x768.jpg 768w, https:\/\/laislareconocimiento.cl\/blog\/wp-content\/uploads\/2021\/10\/Rainer-Krause-La-Isla-Reconocimiento-50x50.jpg 50w, https:\/\/laislareconocimiento.cl\/blog\/wp-content\/uploads\/2021\/10\/Rainer-Krause-La-Isla-Reconocimiento-100x100.jpg 100w, https:\/\/laislareconocimiento.cl\/blog\/wp-content\/uploads\/2021\/10\/Rainer-Krause-La-Isla-Reconocimiento.jpg 1500w\" sizes=\"(max-width: 500px) 100vw, 500px\" \/><\/p>\n<hr>\n<h4><span style=\"color: #993300;\">23-5-2020:<\/span> Podcast de Daniel Reyes Le\u00f3n<\/h4>\n<p><img loading=\"lazy\" decoding=\"async\" class=\"wp-image-1961 aligncenter\" src=\"http:\/\/la-isla-reconocimiento.cl\/blog\/wp-content\/uploads\/2020\/06\/cristales-de-masa.png\" alt=\"\" width=\"500\" height=\"550\" srcset=\"https:\/\/laislareconocimiento.cl\/blog\/wp-content\/uploads\/2020\/06\/cristales-de-masa.png 558w, https:\/\/laislareconocimiento.cl\/blog\/wp-content\/uploads\/2020\/06\/cristales-de-masa-273x300.png 273w\" sizes=\"(max-width: 500px) 100vw, 500px\" \/><\/p>\n<p>&gt;&nbsp;<a href=\"https:\/\/soundcloud.com\/user-680220689\/cristales-de-masa-capitulo-02-paisajes-y-sonidos\">https:\/\/soundcloud.com\/user-680220689\/cristales-de-masa-capitulo-02-paisajes-y-sonidos<\/a><\/p>\n<p>En esta ocasi\u00f3n, el programa se centra en el paisaje y el sonido, con Rainer Krause, Institute of Landscapes Architecture, y Ludwig Berger como colaboradores. Y continuamos con una selecci\u00f3n de textos del libro, Masa y Poder, de El\u00edas Canetti. El programa, realizado durante la cuarentena del corona virus y transmitido por radio Tsonami el 14 de mayo de 2020, cruza fragmentos del libro de Canetti con las obras La Isla Reconocimiento, de Rainer Krause; Melting Landscapes, de Institute of Landscapes Architecture, y Cuyo, De Ludwig Berger. Espero lo puedan disfrutar.<br \/>\nEl programa fue realizado para Radio Tsonami www.radiotsonami.org y para su planificaci\u00f3n y resoluci\u00f3n t\u00e9cnica colaboraron Rodrigo R\u00edos y Fernando Godoy.<\/p>\n<hr>\n<h4><span style=\"color: #993300;\">Enero 2020<\/span>: Invitaci\u00f3n general a participar<\/h4>\n<p><img loading=\"lazy\" decoding=\"async\" class=\"wp-image-1974 aligncenter\" src=\"http:\/\/la-isla-reconocimiento.cl\/blog\/wp-content\/uploads\/2020\/06\/laisla-final_web-700x700.jpg\" alt=\"\" width=\"500\" height=\"500\" srcset=\"https:\/\/laislareconocimiento.cl\/blog\/wp-content\/uploads\/2020\/06\/laisla-final_web.jpg 700w, https:\/\/laislareconocimiento.cl\/blog\/wp-content\/uploads\/2020\/06\/laisla-final_web-150x150.jpg 150w, https:\/\/laislareconocimiento.cl\/blog\/wp-content\/uploads\/2020\/06\/laisla-final_web-300x300.jpg 300w, https:\/\/laislareconocimiento.cl\/blog\/wp-content\/uploads\/2020\/06\/laisla-final_web-50x50.jpg 50w, https:\/\/laislareconocimiento.cl\/blog\/wp-content\/uploads\/2020\/06\/laisla-final_web-100x100.jpg 100w\" sizes=\"(max-width: 500px) 100vw, 500px\" \/><\/p>\n<p>&nbsp;<\/p>\n<hr>\n<h4><span style=\"color: #993300;\">13-9-2018<\/span>: Presentaci\u00f3n del proyecto en el <em>Simposio Internacional de Arte Sonoro \u00abMundos Sonoros: cruces, circulaciones, experiencias\u00bb<\/em>, Centro Cultural Borges, Buenos Aires, Argentina.<\/h4>\n<p><img loading=\"lazy\" decoding=\"async\" class=\"wp-image-1484 aligncenter\" src=\"http:\/\/la-isla-reconocimiento.cl\/blog\/wp-content\/uploads\/2018\/10\/IMG_2240_peq-700x308.jpg\" alt=\"\" width=\"500\" height=\"220\" srcset=\"https:\/\/laislareconocimiento.cl\/blog\/wp-content\/uploads\/2018\/10\/IMG_2240_peq.jpg 700w, https:\/\/laislareconocimiento.cl\/blog\/wp-content\/uploads\/2018\/10\/IMG_2240_peq-300x132.jpg 300w\" sizes=\"(max-width: 500px) 100vw, 500px\" \/><\/p>\n<h6><span style=\"color: #808080;\">Foto: Lukas K\u00fchne<\/span><\/h6>\n<p>Organizado por&nbsp;<br \/>\nInstituto de Investigaci\u00f3n en Arte y Cultura \u201cDr. Norberto Griffa\u201d (IIAC)<br \/>\nUniversidad Nacional de Tres de Febrero (UNTREF)<br \/>\nCiudad Aut\u00f3noma de Buenos Aires<br \/>\n&gt;&nbsp;<a href=\"http:\/\/simposioartesonoro.blogspot.com\/\" target=\"_blank\" rel=\"noopener\">http:\/\/simposioartesonoro.blogspot.com\/<\/a><\/p>\n<hr>\n<h4><span style=\"color: #993300;\">20-7 a 2-9-2018<\/span>: Exposici\u00f3n <em>La isla [reconocimiento]<\/em> en Antofagasta, Chile.<\/h4>\n<p><img loading=\"lazy\" decoding=\"async\" class=\"wp-image-1332 aligncenter\" src=\"http:\/\/la-isla-reconocimiento.cl\/blog\/wp-content\/uploads\/2018\/07\/Invitacio\u0301n-inauguracio\u0301n-CCEA-700x431.png\" alt=\"\" width=\"500\" height=\"308\" srcset=\"https:\/\/laislareconocimiento.cl\/blog\/wp-content\/uploads\/2018\/07\/Invitacio\u0301n-inauguracio\u0301n-CCEA-700x431.png 700w, https:\/\/laislareconocimiento.cl\/blog\/wp-content\/uploads\/2018\/07\/Invitacio\u0301n-inauguracio\u0301n-CCEA-300x185.png 300w, https:\/\/laislareconocimiento.cl\/blog\/wp-content\/uploads\/2018\/07\/Invitacio\u0301n-inauguracio\u0301n-CCEA-768x473.png 768w, https:\/\/laislareconocimiento.cl\/blog\/wp-content\/uploads\/2018\/07\/Invitacio\u0301n-inauguracio\u0301n-CCEA-1536x946.png 1536w, https:\/\/laislareconocimiento.cl\/blog\/wp-content\/uploads\/2018\/07\/Invitacio\u0301n-inauguracio\u0301n-CCEA-2048x1262.png 2048w\" sizes=\"(max-width: 500px) 100vw, 500px\" \/><\/p>\n<hr>\n<h4><span style=\"color: #993300;\">20-6-2018<\/span>: Lanzamiento del libro <em>La isla [reconocimiento]<\/em>, MAC, Santiago de Chile.<\/h4>\n<p><img loading=\"lazy\" decoding=\"async\" class=\"wp-image-1293 aligncenter\" src=\"http:\/\/la-isla-reconocimiento.cl\/blog\/wp-content\/uploads\/2018\/06\/Flyer_nueva-fecha-lanzamiento-libro_laisla_v4-700x700.png\" alt=\"\" width=\"500\" height=\"500\" srcset=\"https:\/\/laislareconocimiento.cl\/blog\/wp-content\/uploads\/2018\/06\/Flyer_nueva-fecha-lanzamiento-libro_laisla_v4-700x700.png 700w, https:\/\/laislareconocimiento.cl\/blog\/wp-content\/uploads\/2018\/06\/Flyer_nueva-fecha-lanzamiento-libro_laisla_v4-150x150.png 150w, https:\/\/laislareconocimiento.cl\/blog\/wp-content\/uploads\/2018\/06\/Flyer_nueva-fecha-lanzamiento-libro_laisla_v4-300x300.png 300w, https:\/\/laislareconocimiento.cl\/blog\/wp-content\/uploads\/2018\/06\/Flyer_nueva-fecha-lanzamiento-libro_laisla_v4-768x768.png 768w, https:\/\/laislareconocimiento.cl\/blog\/wp-content\/uploads\/2018\/06\/Flyer_nueva-fecha-lanzamiento-libro_laisla_v4-50x50.png 50w, https:\/\/laislareconocimiento.cl\/blog\/wp-content\/uploads\/2018\/06\/Flyer_nueva-fecha-lanzamiento-libro_laisla_v4-100x100.png 100w, https:\/\/laislareconocimiento.cl\/blog\/wp-content\/uploads\/2018\/06\/Flyer_nueva-fecha-lanzamiento-libro_laisla_v4.png 1667w\" sizes=\"(max-width: 500px) 100vw, 500px\" \/><br \/>\n<iframe loading=\"lazy\" src=\"https:\/\/w.soundcloud.com\/player\/?url=https%3A\/\/api.soundcloud.com\/tracks\/461683761&amp;color=%2308a0ad&amp;auto_play=false&amp;hide_related=false&amp;show_comments=true&amp;show_user=true&amp;show_reposts=false&amp;show_teaser=true\" width=\"100%\" height=\"166\" frameborder=\"no\" scrolling=\"no\"><\/iframe><\/p>\n<p><iframe loading=\"lazy\" src=\"https:\/\/w.soundcloud.com\/player\/?url=https%3A\/\/api.soundcloud.com\/tracks\/461683758&amp;color=%2308a0ad&amp;auto_play=false&amp;hide_related=false&amp;show_comments=true&amp;show_user=true&amp;show_reposts=false&amp;show_teaser=true\" width=\"100%\" height=\"166\" frameborder=\"no\" scrolling=\"no\"><\/iframe>&nbsp;<\/p>\n<hr>\n<h4><span style=\"color: #993300;\">18-5-2018<\/span>: Conversaci\u00f3n sobre <em>La isla [reconocimiento]<\/em>, MAC, Santiago de Chile.<\/h4>\n<p><img loading=\"lazy\" decoding=\"async\" class=\"wp-image-1281 aligncenter\" src=\"http:\/\/la-isla-reconocimiento.cl\/blog\/wp-content\/uploads\/2018\/05\/32087402_1691543187605645_3038776901943427072_n.jpg\" alt=\"\" width=\"500\" height=\"500\" srcset=\"https:\/\/laislareconocimiento.cl\/blog\/wp-content\/uploads\/2018\/05\/32087402_1691543187605645_3038776901943427072_n.jpg 800w, https:\/\/laislareconocimiento.cl\/blog\/wp-content\/uploads\/2018\/05\/32087402_1691543187605645_3038776901943427072_n-150x150.jpg 150w, https:\/\/laislareconocimiento.cl\/blog\/wp-content\/uploads\/2018\/05\/32087402_1691543187605645_3038776901943427072_n-300x300.jpg 300w, https:\/\/laislareconocimiento.cl\/blog\/wp-content\/uploads\/2018\/05\/32087402_1691543187605645_3038776901943427072_n-768x768.jpg 768w, https:\/\/laislareconocimiento.cl\/blog\/wp-content\/uploads\/2018\/05\/32087402_1691543187605645_3038776901943427072_n-700x700.jpg 700w, https:\/\/laislareconocimiento.cl\/blog\/wp-content\/uploads\/2018\/05\/32087402_1691543187605645_3038776901943427072_n-50x50.jpg 50w, https:\/\/laislareconocimiento.cl\/blog\/wp-content\/uploads\/2018\/05\/32087402_1691543187605645_3038776901943427072_n-100x100.jpg 100w\" sizes=\"(max-width: 500px) 100vw, 500px\" \/><\/p>\n<p>&gt; <a href=\"http:\/\/la-isla-reconocimiento.cl\/blog\/wp-content\/uploads\/2018\/06\/Programa-educativo-Rainer_Krause_La-Isla_ok.pdf\" target=\"_blank\" rel=\"noopener\">MAC, material educativo 1<\/a><br \/>\n&gt; <a href=\"http:\/\/la-isla-reconocimiento.cl\/blog\/wp-content\/uploads\/2018\/06\/La-Isla-Reconocimiento-Rainer-Krause-DEFINITIVO.pdf\" target=\"_blank\" rel=\"noopener\">MAC, material educativo 2<\/a><\/p>\n<hr>\n<h4><span style=\"color: #993300;\">Mayo 2018<\/span>: Invitaci\u00f3n general a participar<\/h4>\n<p><img loading=\"lazy\" decoding=\"async\" class=\"wp-image-1188 aligncenter\" src=\"http:\/\/la-isla-reconocimiento.cl\/blog\/wp-content\/uploads\/2018\/05\/flyer-participacio\u0301n-la-isla2.5red-700x407.jpg\" alt=\"\" width=\"500\" height=\"291\" srcset=\"https:\/\/laislareconocimiento.cl\/blog\/wp-content\/uploads\/2018\/05\/flyer-participacio\u0301n-la-isla2.5red-700x407.jpg 700w, https:\/\/laislareconocimiento.cl\/blog\/wp-content\/uploads\/2018\/05\/flyer-participacio\u0301n-la-isla2.5red-300x175.jpg 300w, https:\/\/laislareconocimiento.cl\/blog\/wp-content\/uploads\/2018\/05\/flyer-participacio\u0301n-la-isla2.5red-768x447.jpg 768w, https:\/\/laislareconocimiento.cl\/blog\/wp-content\/uploads\/2018\/05\/flyer-participacio\u0301n-la-isla2.5red-1536x894.jpg 1536w, https:\/\/laislareconocimiento.cl\/blog\/wp-content\/uploads\/2018\/05\/flyer-participacio\u0301n-la-isla2.5red-2048x1192.jpg 2048w\" sizes=\"(max-width: 500px) 100vw, 500px\" \/><\/p>\n<hr>\n<h4><span style=\"color: #993300;\">11-4 a 8-7-2018<\/span>: Exposici\u00f3n <em>La isla [reconocimiento]<\/em>, MAC, Santiago de Chile.<\/h4>\n<p><iframe loading=\"lazy\" src=\"https:\/\/player.vimeo.com\/video\/326812414\" width=\"640\" height=\"360\" frameborder=\"0\" allowfullscreen=\"allowfullscreen\"><\/iframe><\/p>\n<p><a href=\"https:\/\/vimeo.com\/326812414\">RKRAUSE_La_isla<\/a> from <a href=\"https:\/\/vimeo.com\/rainerkrause\">Rainer Krause<\/a> on <a href=\"https:\/\/vimeo.com\">Vimeo<\/a>.<\/p>\n<p>&nbsp;<\/p>\n<p><img loading=\"lazy\" decoding=\"async\" class=\"wp-image-472 aligncenter\" src=\"http:\/\/la-isla-reconocimiento.cl\/blog\/wp-content\/uploads\/2018\/04\/invitacion_laisla_FINAL_peq-700x700.png\" alt=\"\" width=\"500\" height=\"500\" srcset=\"https:\/\/laislareconocimiento.cl\/blog\/wp-content\/uploads\/2018\/04\/invitacion_laisla_FINAL_peq-700x700.png 700w, https:\/\/laislareconocimiento.cl\/blog\/wp-content\/uploads\/2018\/04\/invitacion_laisla_FINAL_peq-150x150.png 150w, https:\/\/laislareconocimiento.cl\/blog\/wp-content\/uploads\/2018\/04\/invitacion_laisla_FINAL_peq-300x300.png 300w, https:\/\/laislareconocimiento.cl\/blog\/wp-content\/uploads\/2018\/04\/invitacion_laisla_FINAL_peq-768x768.png 768w, https:\/\/laislareconocimiento.cl\/blog\/wp-content\/uploads\/2018\/04\/invitacion_laisla_FINAL_peq-50x50.png 50w, https:\/\/laislareconocimiento.cl\/blog\/wp-content\/uploads\/2018\/04\/invitacion_laisla_FINAL_peq-100x100.png 100w, https:\/\/laislareconocimiento.cl\/blog\/wp-content\/uploads\/2018\/04\/invitacion_laisla_FINAL_peq.png 1000w\" sizes=\"(max-width: 500px) 100vw, 500px\" \/><\/p>\n<p>&gt;&nbsp;<a href=\"http:\/\/uchile.cl\/a142343\" target=\"_blank\" rel=\"noopener\">http:\/\/uchile.cl\/a142343<\/a><\/p>\n<p><img loading=\"lazy\" decoding=\"async\" class=\"wp-image-1482 aligncenter\" src=\"http:\/\/la-isla-reconocimiento.cl\/blog\/wp-content\/uploads\/2018\/10\/VERS_03_04_18_Pa\u0301gina_1_peq-700x1050.jpg\" alt=\"\" width=\"500\" height=\"750\"><\/p>\n<p>Afiche plegable<br \/>\nTexto &gt; <a href=\"http:\/\/la-isla-reconocimiento.cl\/blog\/wp-content\/uploads\/2018\/05\/Ramon-Castillo_El-leve-dibujo-de-los-limites.pdf\" target=\"_blank\" rel=\"noopener\">Ram\u00f3n Castillo:&nbsp;El leve dibujo de los limites o el caminante ante un mar de bytes<\/a><\/p>\n<p>ngg_shortcode_0_placeholder<\/p>\n<hr>\n<h4><span style=\"color: #993300;\">Marzo 2018<\/span>: Invitaci\u00f3n a creadores sonoros a participar<\/h4>\n<p><img loading=\"lazy\" decoding=\"async\" class=\"wp-image-512 aligncenter\" src=\"http:\/\/la-isla-reconocimiento.cl\/blog\/wp-content\/uploads\/2018\/04\/flyer-participacio\u0301n-la-isla_peq-700x519.jpg\" alt=\"\" width=\"500\" height=\"370\"><\/p>\n<hr>\n<h4><span style=\"color: #993300;\">6-10 a 11-11-2017<\/span>: Exposici\u00f3n <em>n \/ La isla<\/em>, Sala Punt\u00e1ngeles, Valpara\u00edso, Chile.<\/h4>\n<p><img loading=\"lazy\" decoding=\"async\" class=\"alignnone wp-image-470\" src=\"http:\/\/la-isla-reconocimiento.cl\/blog\/wp-content\/uploads\/2018\/04\/flyer3-700x520.jpg\" alt=\"\" width=\"500\" height=\"371\" srcset=\"https:\/\/laislareconocimiento.cl\/blog\/wp-content\/uploads\/2018\/04\/flyer3-700x520.jpg 700w, https:\/\/laislareconocimiento.cl\/blog\/wp-content\/uploads\/2018\/04\/flyer3-300x223.jpg 300w, https:\/\/laislareconocimiento.cl\/blog\/wp-content\/uploads\/2018\/04\/flyer3-768x570.jpg 768w, https:\/\/laislareconocimiento.cl\/blog\/wp-content\/uploads\/2018\/04\/flyer3.jpg 1715w\" sizes=\"(max-width: 500px) 100vw, 500px\" \/><\/p>\n<p>ngg_shortcode_1_placeholder<\/p>\n<hr>\n<h4><span style=\"color: #993300;\">2017<\/span> Financiamiento adicional Vicerrector\u00eda de Investigaci\u00f3n y Desarrollo, Universidad de Chile, Proyecto Fondo de Creaci\u00f3n Art\u00edstica<\/h4>\n<hr>\n<h4><span style=\"color: #993300;\">2016<\/span> Financiamiento Consejo de la Cultura y las Artes, FONDART<\/h4>\n<p><img loading=\"lazy\" decoding=\"async\" class=\"alignnone size-large wp-image-1677\" src=\"http:\/\/la-isla-reconocimiento.cl\/blog\/wp-content\/uploads\/2018\/10\/1-archivoPostulacion224113_Pa\u0301gina_01_det-700x681.jpg\" alt=\"\" width=\"700\" height=\"681\" srcset=\"https:\/\/laislareconocimiento.cl\/blog\/wp-content\/uploads\/2018\/10\/1-archivoPostulacion224113_Pa\u0301gina_01_det-700x681.jpg 700w, https:\/\/laislareconocimiento.cl\/blog\/wp-content\/uploads\/2018\/10\/1-archivoPostulacion224113_Pa\u0301gina_01_det-300x292.jpg 300w, https:\/\/laislareconocimiento.cl\/blog\/wp-content\/uploads\/2018\/10\/1-archivoPostulacion224113_Pa\u0301gina_01_det-768x747.jpg 768w, https:\/\/laislareconocimiento.cl\/blog\/wp-content\/uploads\/2018\/10\/1-archivoPostulacion224113_Pa\u0301gina_01_det-50x50.jpg 50w, https:\/\/laislareconocimiento.cl\/blog\/wp-content\/uploads\/2018\/10\/1-archivoPostulacion224113_Pa\u0301gina_01_det.jpg 816w\" sizes=\"(max-width: 700px) 100vw, 700px\" \/>&nbsp;<\/p>\n<hr>\n<h4><span style=\"color: #993300;\">10 a 31-5-2014<\/span> Residencia en Casa Poli: Primera conceptualizaci\u00f3n<\/h4>\n<p><img loading=\"lazy\" decoding=\"async\" class=\"wp-image-1672 aligncenter\" src=\"http:\/\/la-isla-reconocimiento.cl\/blog\/wp-content\/uploads\/2018\/10\/flyer-casa-poli-2014-700x615.jpg\" alt=\"\" width=\"500\" height=\"440\" srcset=\"https:\/\/laislareconocimiento.cl\/blog\/wp-content\/uploads\/2018\/10\/flyer-casa-poli-2014-700x615.jpg 700w, https:\/\/laislareconocimiento.cl\/blog\/wp-content\/uploads\/2018\/10\/flyer-casa-poli-2014-300x264.jpg 300w, https:\/\/laislareconocimiento.cl\/blog\/wp-content\/uploads\/2018\/10\/flyer-casa-poli-2014-768x675.jpg 768w, https:\/\/laislareconocimiento.cl\/blog\/wp-content\/uploads\/2018\/10\/flyer-casa-poli-2014.jpg 960w\" sizes=\"(max-width: 500px) 100vw, 500px\" \/><\/p>\n<!-- AddThis Advanced Settings generic via filter on the_content --><!-- AddThis Share Buttons generic via filter on the_content -->","protected":false},"excerpt":{"rendered":"<p>Enero 2022: El libro disponible en busca libre Octubre 2021:&nbsp;Invitaci\u00f3n general a participar 23-5-2020: Podcast de Daniel Reyes Le\u00f3n &gt;&nbsp;https:\/\/soundcloud.com\/user-680220689\/cristales-de-masa-capitulo-02-paisajes-y-sonidos En esta ocasi\u00f3n, el programa se centra en el paisaje y el sonido, con Rainer Krause, Institute of Landscapes Architecture, y Ludwig Berger como colaboradores. Y continuamos con una selecci\u00f3n de textos del libro, Masa [&hellip;]<!-- AddThis Advanced Settings generic via filter on get_the_excerpt --><!-- AddThis Share Buttons generic via filter on get_the_excerpt --><\/p>\n","protected":false},"author":2,"featured_media":0,"parent":0,"menu_order":0,"comment_status":"closed","ping_status":"closed","template":"","meta":{"ngg_post_thumbnail":0,"footnotes":""},"tags":[321,87,315,308,307,312,306,323,373,322,376,65,319,313,318,311,320,310,317,314,325,316,324],"class_list":["post-445","page","type-page","status-publish","hentry","tag-alessandra-burotto","tag-an-archivo","tag-antofagasta","tag-arte-sonoro","tag-buenos-aires","tag-casa-poli","tag-centro-cultural-borges","tag-creart","tag-daniel-reyes-leon","tag-fondart","tag-francisco-bahamondes","tag-isla","tag-mundos-sonoros","tag-museo-de-arte-contemporaneo","tag-puntangeles","tag-rainer-krause","tag-ramon-castillo","tag-reconocimiento","tag-saco","tag-santiago","tag-universidad-de-chile","tag-valparaiso","tag-vid"],"_links":{"self":[{"href":"https:\/\/laislareconocimiento.cl\/blog\/wp-json\/wp\/v2\/pages\/445"}],"collection":[{"href":"https:\/\/laislareconocimiento.cl\/blog\/wp-json\/wp\/v2\/pages"}],"about":[{"href":"https:\/\/laislareconocimiento.cl\/blog\/wp-json\/wp\/v2\/types\/page"}],"author":[{"embeddable":true,"href":"https:\/\/laislareconocimiento.cl\/blog\/wp-json\/wp\/v2\/users\/2"}],"replies":[{"embeddable":true,"href":"https:\/\/laislareconocimiento.cl\/blog\/wp-json\/wp\/v2\/comments?post=445"}],"version-history":[{"count":73,"href":"https:\/\/laislareconocimiento.cl\/blog\/wp-json\/wp\/v2\/pages\/445\/revisions"}],"predecessor-version":[{"id":4013,"href":"https:\/\/laislareconocimiento.cl\/blog\/wp-json\/wp\/v2\/pages\/445\/revisions\/4013"}],"wp:attachment":[{"href":"https:\/\/laislareconocimiento.cl\/blog\/wp-json\/wp\/v2\/media?parent=445"}],"wp:term":[{"taxonomy":"post_tag","embeddable":true,"href":"https:\/\/laislareconocimiento.cl\/blog\/wp-json\/wp\/v2\/tags?post=445"}],"curies":[{"name":"wp","href":"https:\/\/api.w.org\/{rel}","templated":true}]}}