{"id":447,"date":"2018-04-07T20:33:43","date_gmt":"2018-04-07T20:33:43","guid":{"rendered":"http:\/\/la-isla-reconocimiento.cl\/blog\/?page_id=447"},"modified":"2018-07-28T00:56:19","modified_gmt":"2018-07-28T00:56:19","slug":"12-txts-contxts","status":"publish","type":"page","link":"https:\/\/laislareconocimiento.cl\/blog\/12-txts-contxts\/","title":{"rendered":"[12] txts\/contxts"},"content":{"rendered":"<h4>Ignacio <span style=\"color: #993300;\">Araya<\/span>: As\u00ed se va armando el mapa hecho con sonidos de la costa<\/h4>\n<p>Nota sobre la exposici\u00f3n <em>La isla [reconocimiento]<\/em>, Antofagasta, julio &#8211; septiembre 2018<\/p>\n<p>&gt; <a href=\"http:\/\/la-isla-reconocimiento.cl\/blog\/wp-content\/uploads\/2018\/07\/Pagina-8-_-La-Estrella-de-Antofagasta-21.07.2018.pdf\" target=\"_blank\" rel=\"noopener\">La Estrella de Antofagasta, 21-7-2018<\/a><\/p>\n<hr>\n<h4>Ram\u00f3n <span style=\"color: #993300;\">Castillo<\/span>: El leve dibujo de los limites o el caminante ante un mar de bytes<\/h4>\n<p>Texto del afiche plegable que acompa\u00f1a la&nbsp;exposici\u00f3n <em>La isla [reconocimiento]<\/em>, Museo de Arte Contempor\u00e1neo, Santiago de Chile, abril &#8211; julio 2018<\/p>\n<p>&gt; <a href=\"http:\/\/la-isla-reconocimiento.cl\/blog\/wp-content\/uploads\/2018\/05\/Ramon-Castillo_El-leve-dibujo-de-los-limites.pdf\" target=\"_blank\" rel=\"noopener\">txt<\/a><\/p>\n<hr>\n<h4>Alessandra <span style=\"color: #993300;\">Burotto<\/span>: La isla [reconocimiento]<\/h4>\n<p>Informaci\u00f3n que acompa\u00f1a la exposici\u00f3n <em>La isla [reconocimiento]<\/em>, Museo de Arte Contempor\u00e1neo, Santiago de Chile, abril &#8211; julio 2018<\/p>\n<p>&gt; <a href=\"http:\/\/la-isla-reconocimiento.cl\/blog\/wp-content\/uploads\/2018\/05\/Hoja-MAC-La-isla.pdf\" target=\"_blank\" rel=\"noopener\">HojaMAC2018_Parque Forestal<\/a><\/p>\n<hr>\n<h4>David N. <span style=\"color: #993300;\">Mu\u00f1oz<\/span>:&nbsp;La isla [reconocimiento]<\/h4>\n<p>An\u00e1lisis de obra, Universidad Finis Terrae, Chile, Profesora Mar\u00eda Francisca Montes<\/p>\n<p>&gt; <a href=\"http:\/\/la-isla-reconocimiento.cl\/blog\/wp-content\/uploads\/2018\/06\/La-isla-reconocimiento-Rainer-Krause.pdf\" target=\"_blank\" rel=\"noopener\">documento<\/a><\/p>\n<hr>\n<h4>Jos\u00e9 <span style=\"color: #993300;\">de Nordenflycht<\/span>: El ruido blanco de las olas negras<a href=\"http:\/\/la-isla-reconocimiento.cl\/blog\/wp-content\/uploads\/2018\/04\/Jose%CC%81-de-Nordenflycht_El-ruido-blanco-de-las-olas-negras.pdf\" target=\"_blank\" rel=\"noopener\"><br \/>\n<\/a><\/h4>\n<p>Discurso de apertura de la exposici\u00f3n <em>n \/ La isla<\/em>, Sala Punt\u00e1ngeles, Valpara\u00edso, 6-10-2017<\/p>\n<p>&gt; <a href=\"http:\/\/la-isla-reconocimiento.cl\/blog\/wp-content\/uploads\/2018\/04\/Jose%CC%81-de-Nordenflycht_El-ruido-blanco-de-las-olas-negras.pdf\" target=\"_blank\" rel=\"noopener\">txt<\/a><\/p>\n<hr>\n<h4>Carlos <span style=\"color: #993300;\">Lastarria<\/span> Hermosilla: Instalaci\u00f3n sonora<\/h4>\n<p>Cr\u00edtica de la exposici\u00f3n&nbsp;<em>n \/ La isla&nbsp;<\/em>en el diario La Estrella, Valpara\u00edso, 23-10-2017<\/p>\n<p>&gt; <a href=\"http:\/\/la-isla-reconocimiento.cl\/blog\/wp-content\/uploads\/2018\/04\/img022_red.pdf\" target=\"_blank\" rel=\"noopener\">La Estrella, 23-10-2017<\/a><\/p>\n<hr>\n<h4>Rainer <span style=\"color: #993300;\">Krause<\/span>: La isla [reconocimiento]<\/h4>\n<p>Resumen ejecutivo, fundamentos, objetivos principal-espec\u00edficos, descripci\u00f3n, resultados esperados, estrategias de promoci\u00f3n y difusi\u00f3n del proyecto, formulario de la postulaci\u00f3n al FONDART, convocatoria 2016<\/p>\n<p>&gt; <a href=\"http:\/\/la-isla-reconocimiento.cl\/blog\/wp-content\/uploads\/2018\/05\/Rainer-Krause_descripcio\u0301n-proyecto-para-FONDART.pdf\" target=\"_blank\" rel=\"noopener\">documento<\/a><\/p>\n<!-- AddThis Advanced Settings generic via filter on the_content --><!-- AddThis Share Buttons generic via filter on the_content -->","protected":false},"excerpt":{"rendered":"<p>Ignacio Araya: As\u00ed se va armando el mapa hecho con sonidos de la costa Nota sobre la exposici\u00f3n La isla [reconocimiento], Antofagasta, julio &#8211; septiembre 2018 &gt; La Estrella de Antofagasta, 21-7-2018 Ram\u00f3n Castillo: El leve dibujo de los limites o el caminante ante un mar de bytes Texto del afiche plegable que acompa\u00f1a la&nbsp;exposici\u00f3n [&hellip;]<!-- AddThis Advanced Settings generic via filter on get_the_excerpt --><!-- AddThis Share Buttons generic via filter on get_the_excerpt --><\/p>\n","protected":false},"author":2,"featured_media":0,"parent":0,"menu_order":0,"comment_status":"closed","ping_status":"closed","template":"","meta":{"ngg_post_thumbnail":0,"footnotes":""},"tags":[],"class_list":["post-447","page","type-page","status-publish","hentry"],"_links":{"self":[{"href":"https:\/\/laislareconocimiento.cl\/blog\/wp-json\/wp\/v2\/pages\/447"}],"collection":[{"href":"https:\/\/laislareconocimiento.cl\/blog\/wp-json\/wp\/v2\/pages"}],"about":[{"href":"https:\/\/laislareconocimiento.cl\/blog\/wp-json\/wp\/v2\/types\/page"}],"author":[{"embeddable":true,"href":"https:\/\/laislareconocimiento.cl\/blog\/wp-json\/wp\/v2\/users\/2"}],"replies":[{"embeddable":true,"href":"https:\/\/laislareconocimiento.cl\/blog\/wp-json\/wp\/v2\/comments?post=447"}],"version-history":[{"count":13,"href":"https:\/\/laislareconocimiento.cl\/blog\/wp-json\/wp\/v2\/pages\/447\/revisions"}],"predecessor-version":[{"id":1383,"href":"https:\/\/laislareconocimiento.cl\/blog\/wp-json\/wp\/v2\/pages\/447\/revisions\/1383"}],"wp:attachment":[{"href":"https:\/\/laislareconocimiento.cl\/blog\/wp-json\/wp\/v2\/media?parent=447"}],"wp:term":[{"taxonomy":"post_tag","embeddable":true,"href":"https:\/\/laislareconocimiento.cl\/blog\/wp-json\/wp\/v2\/tags?post=447"}],"curies":[{"name":"wp","href":"https:\/\/api.w.org\/{rel}","templated":true}]}}